{"id":33,"date":"2026-03-24T18:32:22","date_gmt":"2026-03-24T18:32:22","guid":{"rendered":"https:\/\/miragecheats.com\/recursos\/"},"modified":"2026-03-28T02:33:27","modified_gmt":"2026-03-28T02:33:27","slug":"recursos","status":"publish","type":"page","link":"https:\/\/miragecheats.com\/en\/recursos\/","title":{"rendered":"Features"},"content":{"rendered":"<div class=\"wp-block-group alignfull is-style-ext-preset--group--natural-1--section has-background-background-color has-background has-global-padding is-content-justification-center is-layout-constrained wp-container-core-group-is-layout-639a11f8 wp-block-group-is-layout-constrained\" id=\"recursos\" style=\"margin-top:0;margin-bottom:0;padding-top:var(--wp--preset--spacing--70);padding-bottom:var(--wp--preset--spacing--70)\"><h2 class=\"wp-block-heading has-text-align-center has-primary-color has-text-color has-link-color wp-elements-fa113c2a4a8f417ad0d67ad131b6c087\">As melhores fun\u00e7\u00f5es para os melhores jogos<\/h2>\n\n<p class=\"has-text-align-center ext-animate--on has-text-color has-link-color wp-elements-8cd04f5bb59576149279a537532f9f72\" style=\"color:#494848;margin-top:1.5rem\">Saiba o que voc\u00ea ganha comprando com a gente!<\/p>\n\n<div class=\"wp-block-columns alignwide is-layout-flex wp-container-core-columns-is-layout-08c01c1c wp-block-columns-is-layout-flex\"><div class=\"wp-block-column is-vertically-aligned-stretch ext-animate--on is-layout-flow wp-container-core-column-is-layout-f5bb311e wp-block-column-is-layout-flow\"><div class=\"wp-block-group is-style-ext-preset--group--natural-1--item-card-1--align-center has-global-padding is-layout-constrained wp-block-group-is-layout-constrained is-style-ext-preset--group--natural-1--item-card-1--align-center--2\" style=\"margin-top:0;margin-bottom:0\"><div class=\"wp-block-group is-style-default has-global-padding is-layout-constrained wp-block-group-is-layout-constrained\"><figure class=\"wp-block-image aligncenter size-large ext-aspect-landscape wp-duotone-primary-foreground\"><img decoding=\"async\" src=\"data:image\/svg+xml;base64,PHN2ZyB4bWxucz0iaHR0cDovL3d3dy53My5vcmcvMjAwMC9zdmciIHdpZHRoPSI0OCIgaGVpZ2h0PSI0OCIgZmlsbD0iIzAwMDAwMCIgdmlld0JveD0iMCAwIDI1NiAyNTYiPjxwYXRoIGQ9Ik0xNzIsNzZhNDQsNDQsMCwxLDAtNDQsNDRBNDQuMDUsNDQuMDUsMCwwLDAsMTcyLDc2Wm0tNDQsMjhhMjgsMjgsMCwxLDEsMjgtMjhBMjgsMjgsMCwwLDEsMTI4LDEwNFptNjAsMjRhNDQsNDQsMCwxLDAsNDQsNDRBNDQuMDUsNDQuMDUsMCwwLDAsMTg4LDEyOFptMCw3MmEyOCwyOCwwLDEsMSwyOC0yOEEyOCwyOCwwLDAsMSwxODgsMjAwWk02OCwxMjhhNDQsNDQsMCwxLDAsNDQsNDRBNDQuMDUsNDQuMDUsMCwwLDAsNjgsMTI4Wm0wLDcyYTI4LDI4LDAsMSwxLDI4LTI4QTI4LDI4LDAsMCwxLDY4LDIwMFoiPjwvcGF0aD48L3N2Zz4=\" alt=\"\" style=\"object-fit:cover\"\/><\/figure>\n\n<h3 class=\"wp-block-heading has-text-align-center\">Sistema de seguran\u00e7a v5.0<\/h3>\n\n<p class=\"has-text-align-center\">Nossos produtos s\u00e3o analisados e corrigidos por uma I.A de seguran\u00e7a<\/p>\n\n<div class=\"wp-block-buttons is-content-justification-center is-layout-flex wp-container-core-buttons-is-layout-a89b3969 wp-block-buttons-is-layout-flex\"><\/div><\/div><\/div><\/div>\n\n<div class=\"wp-block-column is-vertically-aligned-stretch ext-animate--on is-layout-flow wp-container-core-column-is-layout-f5bb311e wp-block-column-is-layout-flow\"><div class=\"wp-block-group is-style-ext-preset--group--natural-1--item-card-1--align-center has-global-padding is-layout-constrained wp-block-group-is-layout-constrained is-style-ext-preset--group--natural-1--item-card-1--align-center--3\"><div class=\"wp-block-group is-style-default has-global-padding is-layout-constrained wp-block-group-is-layout-constrained\"><figure class=\"wp-block-image aligncenter size-large ext-aspect-landscape wp-duotone-primary-foreground\"><img decoding=\"async\" src=\"data:image\/svg+xml;base64,PHN2ZyB4bWxucz0iaHR0cDovL3d3dy53My5vcmcvMjAwMC9zdmciIHdpZHRoPSI0OCIgaGVpZ2h0PSI0OCIgZmlsbD0iIzAwMDAwMCIgdmlld0JveD0iMCAwIDI1NiAyNTYiPjxwYXRoIGQ9Ik04MCw0MGE0MCw0MCwwLDEsMCw0MCw0MEE0MCw0MCwwLDAsMCw4MCw0MFptMCw2NGEyNCwyNCwwLDEsMSwyNC0yNEEyNCwyNCwwLDAsMSw4MCwxMDRabTk2LDE2YTQwLDQwLDAsMSwwLTQwLTQwQTQwLDQwLDAsMCwwLDE3NiwxMjBabTAtNjRhMjQsMjQsMCwxLDEtMjQsMjRBMjQsMjQsMCwwLDEsMTc2LDU2Wk04MCwxMzZhNDAsNDAsMCwxLDAsNDAsNDBBNDAsNDAsMCwwLDAsODAsMTM2Wm0wLDY0YTI0LDI0LDAsMSwxLDI0LTI0QTI0LDI0LDAsMCwxLDgwLDIwMFptOTYtNjRhNDAsNDAsMCwxLDAsNDAsNDBBNDAsNDAsMCwwLDAsMTc2LDEzNlptMCw2NGEyNCwyNCwwLDEsMSwyNC0yNEEyNCwyNCwwLDAsMSwxNzYsMjAwWiI+PC9wYXRoPjwvc3ZnPg==\" alt=\"\" style=\"object-fit:cover\"\/><\/figure>\n\n<h3 class=\"wp-block-heading has-text-align-center\">UPDATE TRACKER<\/h3>\n\n<p class=\"has-text-align-center\">Informamos caso um programa venha a ter atualiza\u00e7\u00f5es, ou caso seja detectado, protegendo ainda mais sua conta<\/p><\/div><\/div><\/div>\n\n<div class=\"wp-block-column is-vertically-aligned-stretch ext-animate--on is-layout-flow wp-container-core-column-is-layout-f5bb311e wp-block-column-is-layout-flow\"><div class=\"wp-block-group is-style-ext-preset--group--natural-1--item-card-1--align-center has-global-padding is-layout-constrained wp-block-group-is-layout-constrained is-style-ext-preset--group--natural-1--item-card-1--align-center--4\"><div class=\"wp-block-group is-style-default has-global-padding is-layout-constrained wp-block-group-is-layout-constrained\"><figure class=\"wp-block-image aligncenter size-large ext-aspect-landscape wp-duotone-primary-foreground\"><img decoding=\"async\" src=\"data:image\/svg+xml;base64,PHN2ZyB4bWxucz0iaHR0cDovL3d3dy53My5vcmcvMjAwMC9zdmciIHdpZHRoPSI0OCIgaGVpZ2h0PSI0OCIgZmlsbD0iIzAwMDAwMCIgdmlld0JveD0iMCAwIDI1NiAyNTYiPjxwYXRoIGQ9Ik04MCw0MGE0MCw0MCwwLDEsMCw0MCw0MEE0MCw0MCwwLDAsMCw4MCw0MFptMCw2NGEyNCwyNCwwLDEsMSwyNC0yNEEyNCwyNCwwLDAsMSw4MCwxMDRabTk2LDE2YTQwLDQwLDAsMSwwLTQwLTQwQTQwLDQwLDAsMCwwLDE3NiwxMjBabTAtNjRhMjQsMjQsMCwxLDEtMjQsMjRBMjQsMjQsMCwwLDEsMTc2LDU2Wk04MCwxMzZhNDAsNDAsMCwxLDAsNDAsNDBBNDAsNDAsMCwwLDAsODAsMTM2Wm0wLDY0YTI0LDI0LDAsMSwxLDI0LTI0QTI0LDI0LDAsMCwxLDgwLDIwMFptMTM2LTI0YTgsOCwwLDAsMS04LDhIMTg0djI0YTgsOCwwLDAsMS0xNiwwVjE4NEgxNDRhOCw4LDAsMCwxLDAtMTZoMjRWMTQ0YTgsOCwwLDAsMSwxNiwwdjI0aDI0QTgsOCwwLDAsMSwyMTYsMTc2WiI+PC9wYXRoPjwvc3ZnPg==\" alt=\"\" style=\"object-fit:cover\"\/><\/figure>\n\n<h3 class=\"wp-block-heading has-text-align-center\">SEM BANIMENTO<\/h3>\n\n<p class=\"has-text-align-center\">Oferecemos funcionabilidades com implementa\u00e7\u00f5es unicas, evitando assim, banimentos por uso de cheats vazados<\/p><\/div><\/div><\/div><\/div><\/div><div class=\"wp-block-group alignfull is-style-ext-preset--group--natural-1--section has-background-background-color has-background has-global-padding is-layout-constrained wp-container-core-group-is-layout-e955bbaf wp-block-group-is-layout-constrained\" style=\"margin-top:0;margin-bottom:0;padding-top:var(--wp--preset--spacing--70);padding-bottom:var(--wp--preset--spacing--70)\"><div class=\"wp-block-group alignwide ext-is-logical-start has-global-padding is-content-justification-left is-layout-constrained wp-container-core-group-is-layout-6729bdbe wp-block-group-is-layout-constrained\"><h2 class=\"wp-block-heading ext-animate--on has-tertiary-color has-text-color has-link-color wp-elements-6958fe78fbe6ba716bbd2a5ee8dfb795\">Acesse Vantagens Exclusivas e Potencialize Seu Jogo<\/h2>\n\n<p class=\"has-text-align-left ext-animate--on has-primary-color has-text-color has-link-color wp-elements-95f706b1a2e6281027348dd4627d027e\">Descubra os principais recursos e benef\u00edcios que Mirage Cheats oferece para elevar sua performance em jogos.<\/p><\/div>\n\n<div class=\"wp-block-columns alignwide is-layout-flex wp-container-core-columns-is-layout-174606dc wp-block-columns-is-layout-flex\"><div class=\"wp-block-column is-vertically-aligned-stretch ext-animate--on is-layout-flow wp-container-core-column-is-layout-119bc444 wp-block-column-is-layout-flow\"><div class=\"wp-block-cover is-light is-style-ext-preset--image--natural-1--image-1--content-right is-style-ext-preset--image--natural-1--image-1--content-right--6\" style=\"padding-top:0;padding-bottom:0;min-height:100%;aspect-ratio:unset;\"><img loading=\"lazy\" decoding=\"async\" width=\"1024\" height=\"575\" class=\"wp-block-cover__image-background wp-image-119 size-large\" alt=\"\" src=\"https:\/\/miragecheats.com\/wp-content\/uploads\/2026\/03\/Firefly_Melhore-e-muito-a-qualidade-118544-1024x575.png\" data-object-fit=\"cover\" srcset=\"https:\/\/miragecheats.com\/wp-content\/uploads\/2026\/03\/Firefly_Melhore-e-muito-a-qualidade-118544-1024x575.png 1024w, https:\/\/miragecheats.com\/wp-content\/uploads\/2026\/03\/Firefly_Melhore-e-muito-a-qualidade-118544-300x168.png 300w, https:\/\/miragecheats.com\/wp-content\/uploads\/2026\/03\/Firefly_Melhore-e-muito-a-qualidade-118544-768x431.png 768w, https:\/\/miragecheats.com\/wp-content\/uploads\/2026\/03\/Firefly_Melhore-e-muito-a-qualidade-118544-1536x862.png 1536w, https:\/\/miragecheats.com\/wp-content\/uploads\/2026\/03\/Firefly_Melhore-e-muito-a-qualidade-118544-2048x1150.png 2048w, https:\/\/miragecheats.com\/wp-content\/uploads\/2026\/03\/Firefly_Melhore-e-muito-a-qualidade-118544-18x10.png 18w, https:\/\/miragecheats.com\/wp-content\/uploads\/2026\/03\/Firefly_Melhore-e-muito-a-qualidade-118544-600x337.png 600w\" sizes=\"auto, (max-width: 1024px) 100vw, 1024px\" \/><span aria-hidden=\"true\" class=\"wp-block-cover__background has-background-dim-0 has-background-dim\" style=\"background-color:#8a8c90\"><\/span><div class=\"wp-block-cover__inner-container is-layout-flow wp-block-cover-is-layout-flow\"><div style=\"height:240px\" aria-hidden=\"true\" class=\"wp-block-spacer\"><\/div><\/div><\/div><\/div>\n\n<div class=\"wp-block-column is-vertically-aligned-center is-layout-flow wp-block-column-is-layout-flow\"><div class=\"wp-block-group is-style-ext-preset--group--natural-1--item-card-1--align-start ext-animate--on has-global-padding is-layout-constrained wp-block-group-is-layout-constrained is-style-ext-preset--group--natural-1--item-card-1--align-start--7\"><div class=\"wp-block-group is-style-default has-global-padding is-layout-constrained wp-block-group-is-layout-constrained\"><div class=\"wp-block-group is-nowrap is-layout-flex wp-container-core-group-is-layout-64fa2afa wp-block-group-is-layout-flex\" style=\"padding-top:0;padding-right:0;padding-bottom:0;padding-left:0\"><figure class=\"wp-block-image size-large ext-aspect-landscape wp-duotone-primary-foreground\"><img decoding=\"async\" src=\"data:image\/svg+xml;base64,PHN2ZyB4bWxucz0iaHR0cDovL3d3dy53My5vcmcvMjAwMC9zdmciIHdpZHRoPSI0OCIgaGVpZ2h0PSI0OCIgZmlsbD0iIzAwMDAwMCIgdmlld0JveD0iMCAwIDI1NiAyNTYiPjxwYXRoIGQ9Ik0xNzIsNzZhNDQsNDQsMCwxLDAtNDQsNDRBNDQuMDUsNDQuMDUsMCwwLDAsMTcyLDc2Wm0tNDQsMjhhMjgsMjgsMCwxLDEsMjgtMjhBMjgsMjgsMCwwLDEsMTI4LDEwNFptNjAsMjRhNDQsNDQsMCwxLDAsNDQsNDRBNDQuMDUsNDQuMDUsMCwwLDAsMTg4LDEyOFptMCw3MmEyOCwyOCwwLDEsMSwyOC0yOEEyOCwyOCwwLDAsMSwxODgsMjAwWk02OCwxMjhhNDQsNDQsMCwxLDAsNDQsNDRBNDQuMDUsNDQuMDUsMCwwLDAsNjgsMTI4Wm0wLDcyYTI4LDI4LDAsMSwxLDI4LTI4QTI4LDI4LDAsMCwxLDY4LDIwMFoiPjwvcGF0aD48L3N2Zz4=\" alt=\"\" style=\"object-fit:cover\"\/><\/figure>\n\n<div class=\"wp-block-group wp-container-content-958eb9dc has-global-padding is-layout-constrained wp-container-core-group-is-layout-c06d165c wp-block-group-is-layout-constrained\" style=\"padding-top:0;padding-right:0;padding-bottom:0;padding-left:0\"><h3 class=\"wp-block-heading\">SKIN CHANGER \/ UNLOCK ALL<\/h3>\n\n<p>Desbloqueie qualquer skin do jogo, sem gastar rios de dinheiro!<br>(Dispon\u00edvel para Valorant, CS2 e Warzone) <br><\/p><\/div><\/div><\/div><\/div>\n\n<div class=\"wp-block-group is-style-ext-preset--group--natural-1--item-card-1--align-start ext-animate--on has-global-padding is-layout-constrained wp-block-group-is-layout-constrained is-style-ext-preset--group--natural-1--item-card-1--align-start--8\"><div class=\"wp-block-group is-style-default has-global-padding is-layout-constrained wp-block-group-is-layout-constrained\"><div class=\"wp-block-group is-nowrap is-layout-flex wp-container-core-group-is-layout-64fa2afa wp-block-group-is-layout-flex\" style=\"padding-top:0;padding-right:0;padding-bottom:0;padding-left:0\"><figure class=\"wp-block-image size-large ext-aspect-landscape wp-duotone-primary-foreground\"><img decoding=\"async\" src=\"data:image\/svg+xml;base64,PHN2ZyB4bWxucz0iaHR0cDovL3d3dy53My5vcmcvMjAwMC9zdmciIHdpZHRoPSI0OCIgaGVpZ2h0PSI0OCIgZmlsbD0iIzAwMDAwMCIgdmlld0JveD0iMCAwIDI1NiAyNTYiPjxwYXRoIGQ9Ik04MCw0MGE0MCw0MCwwLDEsMCw0MCw0MEE0MCw0MCwwLDAsMCw4MCw0MFptMCw2NGEyNCwyNCwwLDEsMSwyNC0yNEEyNCwyNCwwLDAsMSw4MCwxMDRabTk2LDE2YTQwLDQwLDAsMSwwLTQwLTQwQTQwLDQwLDAsMCwwLDE3NiwxMjBabTAtNjRhMjQsMjQsMCwxLDEtMjQsMjRBMjQsMjQsMCwwLDEsMTc2LDU2Wk04MCwxMzZhNDAsNDAsMCwxLDAsNDAsNDBBNDAsNDAsMCwwLDAsODAsMTM2Wm0wLDY0YTI0LDI0LDAsMSwxLDI0LTI0QTI0LDI0LDAsMCwxLDgwLDIwMFptOTYtNjRhNDAsNDAsMCwxLDAsNDAsNDBBNDAsNDAsMCwwLDAsMTc2LDEzNlptMCw2NGEyNCwyNCwwLDEsMSwyNC0yNEEyNCwyNCwwLDAsMSwxNzYsMjAwWiI+PC9wYXRoPjwvc3ZnPg==\" alt=\"\" style=\"object-fit:cover\"\/><\/figure>\n\n<div class=\"wp-block-group wp-container-content-958eb9dc has-global-padding is-layout-constrained wp-container-core-group-is-layout-c06d165c wp-block-group-is-layout-constrained\" style=\"padding-top:0;padding-right:0;padding-bottom:0;padding-left:0\"><h3 class=\"wp-block-heading\">Aim assist \/ Aimbot<\/h3>\n\n<p>Tenha uma mira de PRO com apenas 1-click, e domine as filas<br>(Dispon\u00edvel para Valorant, CS2 e Warzone) <\/p><\/div><\/div><\/div><\/div>\n\n<div class=\"wp-block-group is-style-ext-preset--group--natural-1--item-card-1--align-start ext-animate--on has-global-padding is-layout-constrained wp-block-group-is-layout-constrained is-style-ext-preset--group--natural-1--item-card-1--align-start--9\"><div class=\"wp-block-group is-style-default has-global-padding is-layout-constrained wp-block-group-is-layout-constrained\"><div class=\"wp-block-group is-nowrap is-layout-flex wp-container-core-group-is-layout-64fa2afa wp-block-group-is-layout-flex\" style=\"padding-top:0;padding-right:0;padding-bottom:0;padding-left:0\"><figure class=\"wp-block-image size-large ext-aspect-landscape wp-duotone-primary-foreground\"><img decoding=\"async\" src=\"data:image\/svg+xml;base64,PHN2ZyB4bWxucz0iaHR0cDovL3d3dy53My5vcmcvMjAwMC9zdmciIHdpZHRoPSI0OCIgaGVpZ2h0PSI0OCIgZmlsbD0iIzAwMDAwMCIgdmlld0JveD0iMCAwIDI1NiAyNTYiPjxwYXRoIGQ9Ik04MCw0MGE0MCw0MCwwLDEsMCw0MCw0MEE0MCw0MCwwLDAsMCw4MCw0MFptMCw2NGEyNCwyNCwwLDEsMSwyNC0yNEEyNCwyNCwwLDAsMSw4MCwxMDRabTk2LDE2YTQwLDQwLDAsMSwwLTQwLTQwQTQwLDQwLDAsMCwwLDE3NiwxMjBabTAtNjRhMjQsMjQsMCwxLDEtMjQsMjRBMjQsMjQsMCwwLDEsMTc2LDU2Wk04MCwxMzZhNDAsNDAsMCwxLDAsNDAsNDBBNDAsNDAsMCwwLDAsODAsMTM2Wm0wLDY0YTI0LDI0LDAsMSwxLDI0LTI0QTI0LDI0LDAsMCwxLDgwLDIwMFptMTM2LTI0YTgsOCwwLDAsMS04LDhIMTg0djI0YTgsOCwwLDAsMS0xNiwwVjE4NEgxNDRhOCw4LDAsMCwxLDAtMTZoMjRWMTQ0YTgsOCwwLDAsMSwxNiwwdjI0aDI0QTgsOCwwLDAsMSwyMTYsMTc2WiI+PC9wYXRoPjwvc3ZnPg==\" alt=\"\" style=\"object-fit:cover\"\/><\/figure>\n\n<div class=\"wp-block-group wp-container-content-958eb9dc has-global-padding is-layout-constrained wp-container-core-group-is-layout-c06d165c wp-block-group-is-layout-constrained\" style=\"padding-top:0;padding-right:0;padding-bottom:0;padding-left:0\"><h3 class=\"wp-block-heading\">ESP \/ WALL HACK<\/h3>\n\n<p>Tenha a informa\u00e7\u00e3o de onde todos seus inimigos est\u00e3o a qualquer momento, e surpreenda a todos<br>(Dispon\u00edvel para Valorant, CS2 e Warzone) <\/p><\/div><\/div><\/div><\/div>\n\n<div class=\"wp-block-buttons ext-animate--on is-content-justification-center is-layout-flex wp-container-core-buttons-is-layout-a89b3969 wp-block-buttons-is-layout-flex\"><div class=\"wp-block-button has-custom-width wp-block-button__width-100 is-style-ext-preset--button--natural-1--button-1 is-style-ext-preset--button--natural-1--button-1--10\"><a class=\"wp-block-button__link wp-element-button\" href=\"https:\/\/miragecheats.com\/loja\">GARANTA AGORA!<\/a><\/div><\/div><\/div><\/div><\/div>","protected":false},"excerpt":{"rendered":"<p>As melhores fun\u00e7\u00f5es para os melhores jogos Saiba o que voc\u00ea ganha comprando com a gente! Sistema de seguran\u00e7a v5.0 Nossos produtos s\u00e3o analisados e corrigidos por uma I.A de seguran\u00e7a UPDATE TRACKER Informamos caso um programa venha a ter atualiza\u00e7\u00f5es, ou caso seja detectado, protegendo ainda mais sua conta SEM BANIMENTO Oferecemos funcionabilidades com [&hellip;]<\/p>\n","protected":false},"author":1,"featured_media":100,"parent":0,"menu_order":0,"comment_status":"closed","ping_status":"closed","template":"page-with-title","meta":{"footnotes":""},"class_list":["post-33","page","type-page","status-publish","has-post-thumbnail","hentry"],"yoast_head":"<!-- This site is optimized with the Yoast SEO plugin v27.2 - https:\/\/yoast.com\/product\/yoast-seo-wordpress\/ -->\n<title>Recursos - Mirage Cheats<\/title>\n<meta name=\"robots\" content=\"index, follow, max-snippet:-1, max-image-preview:large, max-video-preview:-1\" \/>\n<link rel=\"canonical\" href=\"https:\/\/miragecheats.com\/en\/recursos\/\" \/>\n<meta property=\"og:locale\" content=\"en_US\" \/>\n<meta property=\"og:type\" content=\"article\" \/>\n<meta property=\"og:title\" content=\"Recursos - Mirage Cheats\" \/>\n<meta property=\"og:description\" content=\"As melhores fun\u00e7\u00f5es para os melhores jogos Saiba o que voc\u00ea ganha comprando com a gente! Sistema de seguran\u00e7a v5.0 Nossos produtos s\u00e3o analisados e corrigidos por uma I.A de seguran\u00e7a UPDATE TRACKER Informamos caso um programa venha a ter atualiza\u00e7\u00f5es, ou caso seja detectado, protegendo ainda mais sua conta SEM BANIMENTO Oferecemos funcionabilidades com [&hellip;]\" \/>\n<meta property=\"og:url\" content=\"https:\/\/miragecheats.com\/en\/recursos\/\" \/>\n<meta property=\"og:site_name\" content=\"Mirage Cheats\" \/>\n<meta property=\"article:modified_time\" content=\"2026-03-28T02:33:27+00:00\" \/>\n<meta property=\"og:image\" content=\"https:\/\/miragecheats.com\/wp-content\/uploads\/2026\/03\/Firefly_Melhore-e-muito-a-qualidade-118544-1024x575.png\" \/>\n<meta name=\"twitter:card\" content=\"summary_large_image\" \/>\n<meta name=\"twitter:label1\" content=\"Est. reading time\" \/>\n\t<meta name=\"twitter:data1\" content=\"1 minute\" \/>\n<script type=\"application\/ld+json\" class=\"yoast-schema-graph\">{\"@context\":\"https:\/\/schema.org\",\"@graph\":[{\"@type\":\"WebPage\",\"@id\":\"https:\/\/miragecheats.com\/recursos\/\",\"url\":\"https:\/\/miragecheats.com\/recursos\/\",\"name\":\"Recursos - Mirage Cheats\",\"isPartOf\":{\"@id\":\"https:\/\/miragecheats.com\/#website\"},\"primaryImageOfPage\":{\"@id\":\"https:\/\/miragecheats.com\/recursos\/#primaryimage\"},\"image\":{\"@id\":\"https:\/\/miragecheats.com\/recursos\/#primaryimage\"},\"thumbnailUrl\":\"https:\/\/miragecheats.com\/wp-content\/uploads\/2026\/03\/Sem-titulo2.png\",\"datePublished\":\"2026-03-24T18:32:22+00:00\",\"dateModified\":\"2026-03-28T02:33:27+00:00\",\"breadcrumb\":{\"@id\":\"https:\/\/miragecheats.com\/recursos\/#breadcrumb\"},\"inLanguage\":\"en-US\",\"potentialAction\":[{\"@type\":\"ReadAction\",\"target\":[\"https:\/\/miragecheats.com\/recursos\/\"]}]},{\"@type\":\"ImageObject\",\"inLanguage\":\"en-US\",\"@id\":\"https:\/\/miragecheats.com\/recursos\/#primaryimage\",\"url\":\"https:\/\/miragecheats.com\/wp-content\/uploads\/2026\/03\/Sem-titulo2.png\",\"contentUrl\":\"https:\/\/miragecheats.com\/wp-content\/uploads\/2026\/03\/Sem-titulo2.png\",\"width\":1392,\"height\":752},{\"@type\":\"BreadcrumbList\",\"@id\":\"https:\/\/miragecheats.com\/recursos\/#breadcrumb\",\"itemListElement\":[{\"@type\":\"ListItem\",\"position\":1,\"name\":\"In\u00edcio\",\"item\":\"https:\/\/miragecheats.com\/\"},{\"@type\":\"ListItem\",\"position\":2,\"name\":\"Recursos\"}]},{\"@type\":\"WebSite\",\"@id\":\"https:\/\/miragecheats.com\/#website\",\"url\":\"https:\/\/miragecheats.com\/\",\"name\":\"Mirage Cheats\",\"description\":\"A melhor loja de cheats do Brasil!\",\"publisher\":{\"@id\":\"https:\/\/miragecheats.com\/#organization\"},\"potentialAction\":[{\"@type\":\"SearchAction\",\"target\":{\"@type\":\"EntryPoint\",\"urlTemplate\":\"https:\/\/miragecheats.com\/?s={search_term_string}\"},\"query-input\":{\"@type\":\"PropertyValueSpecification\",\"valueRequired\":true,\"valueName\":\"search_term_string\"}}],\"inLanguage\":\"en-US\"},{\"@type\":\"Organization\",\"@id\":\"https:\/\/miragecheats.com\/#organization\",\"name\":\"Mirage Cheats\",\"url\":\"https:\/\/miragecheats.com\/\",\"logo\":{\"@type\":\"ImageObject\",\"inLanguage\":\"en-US\",\"@id\":\"https:\/\/miragecheats.com\/#\/schema\/logo\/image\/\",\"url\":\"https:\/\/miragecheats.com\/wp-content\/uploads\/2026\/03\/Sem-titulo2.png\",\"contentUrl\":\"https:\/\/miragecheats.com\/wp-content\/uploads\/2026\/03\/Sem-titulo2.png\",\"width\":1392,\"height\":752,\"caption\":\"Mirage Cheats\"},\"image\":{\"@id\":\"https:\/\/miragecheats.com\/#\/schema\/logo\/image\/\"},\"sameAs\":[\"https:\/\/www.youtube.com\/@mirageapps\"]}]}<\/script>\n<!-- \/ Yoast SEO plugin. -->","yoast_head_json":{"title":"Recursos - Mirage Cheats","robots":{"index":"index","follow":"follow","max-snippet":"max-snippet:-1","max-image-preview":"max-image-preview:large","max-video-preview":"max-video-preview:-1"},"canonical":"https:\/\/miragecheats.com\/en\/recursos\/","og_locale":"en_US","og_type":"article","og_title":"Recursos - Mirage Cheats","og_description":"As melhores fun\u00e7\u00f5es para os melhores jogos Saiba o que voc\u00ea ganha comprando com a gente! Sistema de seguran\u00e7a v5.0 Nossos produtos s\u00e3o analisados e corrigidos por uma I.A de seguran\u00e7a UPDATE TRACKER Informamos caso um programa venha a ter atualiza\u00e7\u00f5es, ou caso seja detectado, protegendo ainda mais sua conta SEM BANIMENTO Oferecemos funcionabilidades com [&hellip;]","og_url":"https:\/\/miragecheats.com\/en\/recursos\/","og_site_name":"Mirage Cheats","article_modified_time":"2026-03-28T02:33:27+00:00","og_image":[{"url":"https:\/\/miragecheats.com\/wp-content\/uploads\/2026\/03\/Firefly_Melhore-e-muito-a-qualidade-118544-1024x575.png","type":"","width":"","height":""}],"twitter_card":"summary_large_image","twitter_misc":{"Est. reading time":"1 minute"},"schema":{"@context":"https:\/\/schema.org","@graph":[{"@type":"WebPage","@id":"https:\/\/miragecheats.com\/recursos\/","url":"https:\/\/miragecheats.com\/recursos\/","name":"Recursos - Mirage Cheats","isPartOf":{"@id":"https:\/\/miragecheats.com\/#website"},"primaryImageOfPage":{"@id":"https:\/\/miragecheats.com\/recursos\/#primaryimage"},"image":{"@id":"https:\/\/miragecheats.com\/recursos\/#primaryimage"},"thumbnailUrl":"https:\/\/miragecheats.com\/wp-content\/uploads\/2026\/03\/Sem-titulo2.png","datePublished":"2026-03-24T18:32:22+00:00","dateModified":"2026-03-28T02:33:27+00:00","breadcrumb":{"@id":"https:\/\/miragecheats.com\/recursos\/#breadcrumb"},"inLanguage":"en-US","potentialAction":[{"@type":"ReadAction","target":["https:\/\/miragecheats.com\/recursos\/"]}]},{"@type":"ImageObject","inLanguage":"en-US","@id":"https:\/\/miragecheats.com\/recursos\/#primaryimage","url":"https:\/\/miragecheats.com\/wp-content\/uploads\/2026\/03\/Sem-titulo2.png","contentUrl":"https:\/\/miragecheats.com\/wp-content\/uploads\/2026\/03\/Sem-titulo2.png","width":1392,"height":752},{"@type":"BreadcrumbList","@id":"https:\/\/miragecheats.com\/recursos\/#breadcrumb","itemListElement":[{"@type":"ListItem","position":1,"name":"In\u00edcio","item":"https:\/\/miragecheats.com\/"},{"@type":"ListItem","position":2,"name":"Recursos"}]},{"@type":"WebSite","@id":"https:\/\/miragecheats.com\/#website","url":"https:\/\/miragecheats.com\/","name":"Mirage Cheats","description":"A melhor loja de cheats do Brasil!","publisher":{"@id":"https:\/\/miragecheats.com\/#organization"},"potentialAction":[{"@type":"SearchAction","target":{"@type":"EntryPoint","urlTemplate":"https:\/\/miragecheats.com\/?s={search_term_string}"},"query-input":{"@type":"PropertyValueSpecification","valueRequired":true,"valueName":"search_term_string"}}],"inLanguage":"en-US"},{"@type":"Organization","@id":"https:\/\/miragecheats.com\/#organization","name":"Mirage Cheats","url":"https:\/\/miragecheats.com\/","logo":{"@type":"ImageObject","inLanguage":"en-US","@id":"https:\/\/miragecheats.com\/#\/schema\/logo\/image\/","url":"https:\/\/miragecheats.com\/wp-content\/uploads\/2026\/03\/Sem-titulo2.png","contentUrl":"https:\/\/miragecheats.com\/wp-content\/uploads\/2026\/03\/Sem-titulo2.png","width":1392,"height":752,"caption":"Mirage Cheats"},"image":{"@id":"https:\/\/miragecheats.com\/#\/schema\/logo\/image\/"},"sameAs":["https:\/\/www.youtube.com\/@mirageapps"]}]}},"jetpack_sharing_enabled":true,"_links":{"self":[{"href":"https:\/\/miragecheats.com\/en\/wp-json\/wp\/v2\/pages\/33","targetHints":{"allow":["GET"]}}],"collection":[{"href":"https:\/\/miragecheats.com\/en\/wp-json\/wp\/v2\/pages"}],"about":[{"href":"https:\/\/miragecheats.com\/en\/wp-json\/wp\/v2\/types\/page"}],"author":[{"embeddable":true,"href":"https:\/\/miragecheats.com\/en\/wp-json\/wp\/v2\/users\/1"}],"replies":[{"embeddable":true,"href":"https:\/\/miragecheats.com\/en\/wp-json\/wp\/v2\/comments?post=33"}],"version-history":[{"count":5,"href":"https:\/\/miragecheats.com\/en\/wp-json\/wp\/v2\/pages\/33\/revisions"}],"predecessor-version":[{"id":156,"href":"https:\/\/miragecheats.com\/en\/wp-json\/wp\/v2\/pages\/33\/revisions\/156"}],"wp:featuredmedia":[{"embeddable":true,"href":"https:\/\/miragecheats.com\/en\/wp-json\/wp\/v2\/media\/100"}],"wp:attachment":[{"href":"https:\/\/miragecheats.com\/en\/wp-json\/wp\/v2\/media?parent=33"}],"curies":[{"name":"wp","href":"https:\/\/api.w.org\/{rel}","templated":true}]}}